{"id":2,"date":"2022-06-01T19:12:15","date_gmt":"2022-06-01T19:12:15","guid":{"rendered":"http:\/\/verarocaperitos.com\/?page_id=2"},"modified":"2022-06-26T07:52:56","modified_gmt":"2022-06-26T07:52:56","slug":"pagina-ejemplo","status":"publish","type":"page","link":"http:\/\/verarocaperitos.com\/index.php\/pagina-ejemplo\/","title":{"rendered":"Lo que hacemos"},"content":{"rendered":"\n<p>Formamos el <strong>t\u00e1ndem perfecto<\/strong> para la resoluci\u00f3n de siniestros industriales donde determinamos la causa exacta del da\u00f1o <strong>sin ambig\u00fcedades<\/strong>, estudiamos la preexistencia del riesgo as\u00ed como las garant\u00edas afectadas en la p\u00f3liza contratada y, finalmente, realizamos una <strong>valoraci\u00f3n imparcial<\/strong> de los da\u00f1os.<\/p>\n\n\n\n<p>Estos 34 a\u00f1os de incansable trabajo han hecho posible que hoy podamos poner a disposici\u00f3n de nuestros clientes, una <strong>tecnolog\u00eda de primer nivel<\/strong> en la instrumentaci\u00f3n de laboratorio para el diagn\u00f3stico de fallos en circuitos electr\u00f3nicos de alta integraci\u00f3n.&nbsp;<\/p>\n\n\n\n<!--more-->\n\n\n\n<p>Somos <strong>capaces de<\/strong> <strong>verificar <\/strong>los circuitos electr\u00f3nicos, partes o componentes de<strong> cualquier tipo de maquinaria industrial<\/strong>, incidiendo en los componentes susceptibles de da\u00f1os causados por sobretensiones mediante nuestro avanzado instrumental de laboratorio, <strong>pudiendo descartar \u00f3 confirmar de forma inequ\u00edvoca una alteraci\u00f3n el\u00e9ctrica<\/strong> bien por sobretensi\u00f3n de la red de distribuci\u00f3n o por ca\u00edda de rayo. Actualmente realizamos estudios computarizados de m\u00e1xima precisi\u00f3n para la detecci\u00f3n de aver\u00edas en aut\u00f3matas para el <strong>control de rob\u00f3tica<\/strong> y equipos de <strong>electromedicina<\/strong>.<\/p>\n\n\n\n<p>Las reclamaciones de da\u00f1os por alteraci\u00f3n el\u00e9ctrica o aver\u00eda de maquinaria en <strong>equipos frigor\u00edficos<\/strong>, con frecuencia, agrupan la p\u00e9rdida de mercanc\u00eda. Nosotros evaluamos el sistema electromec\u00e1nico, motores, compresores as\u00ed como los sistemas electr\u00f3nicos de regulaci\u00f3n, control, energ\u00eda y telecontrol.&nbsp;<\/p>\n\n\n\n<p>Para las <strong>aver\u00edas mec\u00e1nicas de maquinaria<\/strong>, analizamos su causa evaluando el desgaste de piezas en nuestras instalaciones para pruebas y ensayos de piezas mec\u00e1nicas, determinando la rotura causada por desgaste o la causada por otros factores. Mediante nuestro sistema de pruebas de presi\u00f3n y el uso de expandidores de precisi\u00f3n, verificamos el estado de desgaste, corrosi\u00f3n y resistencia de los tubos frigor\u00edficos.<\/p>\n\n\n\n<p>En el <strong>campo de la automoci\u00f3n<\/strong>, detectamos las aver\u00edas y sus causas en las diferentes unidades de control y actuales sistemas de electrificaci\u00f3n.<\/p>\n\n\n\n<p>Tras finalizar todos nuestros trabajos de verificaci\u00f3n, emitimos nuestro <strong>informe t\u00e9cnico<\/strong> junto a las <strong>pruebas de diagn\u00f3stico realizadas<\/strong>.<\/p>\n\n\n\n<p>Mediante nuestro extenso instrumental de laboratorio evaluamos con precisi\u00f3n un diagn\u00f3stico evitando emplear pruebas destructivas o de modificaci\u00f3n estructural en los sistemas evaluados. Adem\u00e1s, hemos desarrollado un protocolo de actuaci\u00f3n de tal manera que el asegurado\/cliente firma un <strong>acta de retirada de componentes<\/strong> donde se especifican los aparatos o piezas entregadas para su verificaci\u00f3n, dando su conformidad en que \u00e9stos no tienen capacidad funcional y permitiendo su comprobaci\u00f3n por escrito para poder efectuar en caso de ser necesario pruebas destructivas o de modificaci\u00f3n estructural. Al finalizar la pericial se devuelven las piezas o dispositivos seg\u00fan lo solicitado por el asegurado\/cliente.<\/p>\n\n\n\n<p>En aquellos casos en los que el asegurado\/cliente no ha quedado conforme con la propuesta de valoraci\u00f3n o causa de la exclusi\u00f3n por nuestra parte y haya contratado un informe pericial de defensa por otra parte, realizamos una <strong>ampliaci\u00f3n de la pericial<\/strong> para contrarrestar dicho informe contrario con la finalidad de que el letrado tenga los argumentos necesarios antes de contestar la posible demanda.<\/p>\n","protected":false},"excerpt":{"rendered":"<p>Formamos el t\u00e1ndem perfecto para la resoluci\u00f3n de siniestros industriales donde determinamos la causa exacta del da\u00f1o sin ambig\u00fcedades, estudiamos la preexistencia del riesgo as\u00ed como las garant\u00edas afectadas en la p\u00f3liza contratada y, finalmente, realizamos una valoraci\u00f3n imparcial de los da\u00f1os. Estos 34 a\u00f1os de incansable trabajo han hecho posible que hoy podamos poner &hellip; <\/p>\n<p class=\"link-more\"><a href=\"http:\/\/verarocaperitos.com\/index.php\/pagina-ejemplo\/\" class=\"more-link\">Continuar leyendo<span class=\"screen-reader-text\"> \u00abLo que hacemos\u00bb<\/span><\/a><\/p>\n","protected":false},"author":1,"featured_media":23,"parent":0,"menu_order":0,"comment_status":"closed","ping_status":"open","template":"","meta":{"om_disable_all_campaigns":false,"_monsterinsights_skip_tracking":false,"_monsterinsights_sitenote_active":false,"_monsterinsights_sitenote_note":"","_monsterinsights_sitenote_category":0},"_links":{"self":[{"href":"http:\/\/verarocaperitos.com\/index.php\/wp-json\/wp\/v2\/pages\/2"}],"collection":[{"href":"http:\/\/verarocaperitos.com\/index.php\/wp-json\/wp\/v2\/pages"}],"about":[{"href":"http:\/\/verarocaperitos.com\/index.php\/wp-json\/wp\/v2\/types\/page"}],"author":[{"embeddable":true,"href":"http:\/\/verarocaperitos.com\/index.php\/wp-json\/wp\/v2\/users\/1"}],"replies":[{"embeddable":true,"href":"http:\/\/verarocaperitos.com\/index.php\/wp-json\/wp\/v2\/comments?post=2"}],"version-history":[{"count":3,"href":"http:\/\/verarocaperitos.com\/index.php\/wp-json\/wp\/v2\/pages\/2\/revisions"}],"predecessor-version":[{"id":170,"href":"http:\/\/verarocaperitos.com\/index.php\/wp-json\/wp\/v2\/pages\/2\/revisions\/170"}],"wp:featuredmedia":[{"embeddable":true,"href":"http:\/\/verarocaperitos.com\/index.php\/wp-json\/wp\/v2\/media\/23"}],"wp:attachment":[{"href":"http:\/\/verarocaperitos.com\/index.php\/wp-json\/wp\/v2\/media?parent=2"}],"curies":[{"name":"wp","href":"https:\/\/api.w.org\/{rel}","templated":true}]}}