{"id":116,"date":"2022-06-05T17:55:21","date_gmt":"2022-06-05T17:55:21","guid":{"rendered":"http:\/\/verarocaperitos.com\/?page_id=116"},"modified":"2022-06-26T07:48:08","modified_gmt":"2022-06-26T07:48:08","slug":"recursos","status":"publish","type":"page","link":"http:\/\/verarocaperitos.com\/index.php\/recursos\/","title":{"rendered":"Recursos"},"content":{"rendered":"\n<p class=\"has-text-color\" style=\"color:#004678\"><strong>NUESTRO INSTRUMENTAL EN EL LABORATORIO DE DIAGN\u00d3STICO Y PRUEBAS DE ENSAYO PARA CIRCUITOS ELECTR\u00d3NICOS Y SOFTWARE DE GESTI\u00d3N INDUSTRIAL:<\/strong><\/p>\n\n\n\n<figure class=\"wp-container-2 wp-block-gallery-1 wp-block-gallery has-nested-images columns-default is-cropped\">\n<figure class=\"wp-block-image size-large\"><img loading=\"lazy\" width=\"1024\" height=\"768\" data-id=\"119\"  src=\"http:\/\/verarocaperitos.com\/wp-content\/uploads\/2022\/06\/IMG_0661-1024x768.jpg\" alt=\"\" class=\"wp-image-119\" srcset=\"http:\/\/verarocaperitos.com\/wp-content\/uploads\/2022\/06\/IMG_0661-1024x768.jpg 1024w, http:\/\/verarocaperitos.com\/wp-content\/uploads\/2022\/06\/IMG_0661-300x225.jpg 300w, http:\/\/verarocaperitos.com\/wp-content\/uploads\/2022\/06\/IMG_0661-768x576.jpg 768w, http:\/\/verarocaperitos.com\/wp-content\/uploads\/2022\/06\/IMG_0661-1536x1152.jpg 1536w, http:\/\/verarocaperitos.com\/wp-content\/uploads\/2022\/06\/IMG_0661-2048x1536.jpg 2048w\" sizes=\"(max-width: 767px) 89vw, (max-width: 1000px) 54vw, (max-width: 1071px) 543px, 580px\" \/><\/figure>\n\n\n\n<figure class=\"wp-block-image size-large\"><img loading=\"lazy\" width=\"2560\" height=\"1920\" data-id=\"126\"  src=\"http:\/\/verarocaperitos.com\/wp-content\/uploads\/2022\/06\/IMG_0680-scaled.jpg\" alt=\"\" class=\"wp-image-126\" srcset=\"http:\/\/verarocaperitos.com\/wp-content\/uploads\/2022\/06\/IMG_0680-scaled.jpg 2560w, http:\/\/verarocaperitos.com\/wp-content\/uploads\/2022\/06\/IMG_0680-300x225.jpg 300w, http:\/\/verarocaperitos.com\/wp-content\/uploads\/2022\/06\/IMG_0680-1024x768.jpg 1024w, http:\/\/verarocaperitos.com\/wp-content\/uploads\/2022\/06\/IMG_0680-768x576.jpg 768w, http:\/\/verarocaperitos.com\/wp-content\/uploads\/2022\/06\/IMG_0680-1536x1152.jpg 1536w, http:\/\/verarocaperitos.com\/wp-content\/uploads\/2022\/06\/IMG_0680-2048x1536.jpg 2048w\" sizes=\"(max-width: 767px) 89vw, (max-width: 1000px) 54vw, (max-width: 1071px) 543px, 580px\" \/><\/figure>\n\n\n\n<figure class=\"wp-block-image size-large\"><img loading=\"lazy\" width=\"2560\" height=\"1440\" data-id=\"123\"  src=\"http:\/\/verarocaperitos.com\/wp-content\/uploads\/2022\/06\/IMG_0624-scaled.jpg\" alt=\"\" class=\"wp-image-123\" srcset=\"http:\/\/verarocaperitos.com\/wp-content\/uploads\/2022\/06\/IMG_0624-scaled.jpg 2560w, http:\/\/verarocaperitos.com\/wp-content\/uploads\/2022\/06\/IMG_0624-300x169.jpg 300w, http:\/\/verarocaperitos.com\/wp-content\/uploads\/2022\/06\/IMG_0624-1024x576.jpg 1024w, http:\/\/verarocaperitos.com\/wp-content\/uploads\/2022\/06\/IMG_0624-768x432.jpg 768w, http:\/\/verarocaperitos.com\/wp-content\/uploads\/2022\/06\/IMG_0624-1536x864.jpg 1536w, http:\/\/verarocaperitos.com\/wp-content\/uploads\/2022\/06\/IMG_0624-2048x1152.jpg 2048w\" sizes=\"(max-width: 767px) 89vw, (max-width: 1000px) 54vw, (max-width: 1071px) 543px, 580px\" \/><\/figure>\n<\/figure>\n\n\n\n<ul><li>1 Osciloscopio anal\u00f3gico de cuatro trazos con alcance a 100MHz.<\/li><li>1 Osciloscopio anal\u00f3gico de dos trazos con test de componentes y alcance a 200MHz.<\/li><li>1 Osciloscopio Digital de doble trazo con alcance a 100MHz.<\/li><li>1 Osciloscopio digital de 4 trazos con alcance a 500MHz.<\/li><li>1 Osciloscopio de f\u00f3sforo digital de cuatro trazos con alcance a 1GHz.<\/li><li>1 Equipo para histograma con alcance a 1GHz.<\/li><li>1 Analizador de espectro con alcance a 1.000MHz.<\/li><\/ul>\n\n\n\n<!--more-->\n\n\n\n<ul><li>1 Analizador de redes digitales para telecomunicaci\u00f3n.<\/li><li>1 Analizador de redes el\u00e9ctricas.<\/li><li>1 Analizador l\u00f3gico.<\/li><li>1 Analizador de Protocolos.<\/li><li>1 Equipo de diagn\u00f3stico computarizado por trazado de curvas digital.<\/li><li>1 Reflect\u00f3metro de dominio del tiempo para&nbsp; (TDR) y (OTR).<\/li><li>1 Sintetizador de se\u00f1al de s\u00edntesis digital directa.<\/li><li>1 Analizador de transmisi\u00f3n digital.<\/li><li>1 Generador de se\u00f1ales RF anal\u00f3gico.<\/li><li>1 Generador de se\u00f1ales RF digital.<\/li><li>1 Generador de pulsos con base de tiempos ajustable.<\/li><li>1 Limitador de transientes para la conectividad y an\u00e1lisis en equipos de alta sensibilidad.<\/li><li>1 Analizador de TRIAC y TIRISTORES.<\/li><li>1 Contador digital de frecuencia.<\/li><li>2 Monitores de forma de onda.<\/li><li>3 Vectorscopios.<\/li><li>1 Computadores y herramientas para esc\u00e1ner de discos duros.<\/li><li>1 Equipo para volcados hexadecimales de memorias RAM.<\/li><li>1 Lux\u00f3metro y piran\u00f3metro para valoraci\u00f3n del rendimiento en paneles solares.<\/li><li>1 Generador de CC para pruebas y ensayos en inversores fotovoltaicos hasta 1.300V \/ 100A.<\/li><li>1 C\u00e1mara termogr\u00e1fica.<\/li><li>1 Medidor del flujo de rayos cat\u00f3dicos en sistemas de vac\u00edo.<\/li><li>1 Detector de radiaci\u00f3n electromagn\u00e9tica.<\/li><li>1 Equipo de inspecci\u00f3n por fluorescencia de rayos X que permite el diagn\u00f3stico de chips BGA facilitando el c\u00e1lculo de la tasa de vac\u00edo, as\u00ed como el estudio y diagn\u00f3stico de circuitos impresos PCB y FPC-PCB.<\/li><\/ul>\n\n\n\n<figure class=\"wp-container-4 wp-block-gallery-3 wp-block-gallery has-nested-images columns-default is-cropped\">\n<figure class=\"wp-block-image size-large\"><img loading=\"lazy\" width=\"1920\" height=\"2560\" data-id=\"129\"  src=\"http:\/\/verarocaperitos.com\/wp-content\/uploads\/2022\/06\/IMG_0670-scaled.jpg\" alt=\"\" class=\"wp-image-129\" srcset=\"http:\/\/verarocaperitos.com\/wp-content\/uploads\/2022\/06\/IMG_0670-scaled.jpg 1920w, http:\/\/verarocaperitos.com\/wp-content\/uploads\/2022\/06\/IMG_0670-225x300.jpg 225w, http:\/\/verarocaperitos.com\/wp-content\/uploads\/2022\/06\/IMG_0670-768x1024.jpg 768w, http:\/\/verarocaperitos.com\/wp-content\/uploads\/2022\/06\/IMG_0670-1152x1536.jpg 1152w, http:\/\/verarocaperitos.com\/wp-content\/uploads\/2022\/06\/IMG_0670-1536x2048.jpg 1536w\" sizes=\"(max-width: 767px) 89vw, (max-width: 1000px) 54vw, (max-width: 1071px) 543px, 580px\" \/><\/figure>\n\n\n\n<figure class=\"wp-block-image size-large\"><img loading=\"lazy\" width=\"1920\" height=\"2560\" data-id=\"122\"  src=\"http:\/\/verarocaperitos.com\/wp-content\/uploads\/2022\/06\/IMG_0669-scaled.jpg\" alt=\"\" class=\"wp-image-122\" srcset=\"http:\/\/verarocaperitos.com\/wp-content\/uploads\/2022\/06\/IMG_0669-scaled.jpg 1920w, http:\/\/verarocaperitos.com\/wp-content\/uploads\/2022\/06\/IMG_0669-225x300.jpg 225w, http:\/\/verarocaperitos.com\/wp-content\/uploads\/2022\/06\/IMG_0669-768x1024.jpg 768w, http:\/\/verarocaperitos.com\/wp-content\/uploads\/2022\/06\/IMG_0669-1152x1536.jpg 1152w, http:\/\/verarocaperitos.com\/wp-content\/uploads\/2022\/06\/IMG_0669-1536x2048.jpg 1536w\" sizes=\"(max-width: 767px) 89vw, (max-width: 1000px) 54vw, (max-width: 1071px) 543px, 580px\" \/><\/figure>\n\n\n\n<figure class=\"wp-block-image size-large\"><img loading=\"lazy\" width=\"1920\" height=\"2560\" data-id=\"121\"  src=\"http:\/\/verarocaperitos.com\/wp-content\/uploads\/2022\/06\/IMG_0668-scaled.jpg\" alt=\"\" class=\"wp-image-121\" srcset=\"http:\/\/verarocaperitos.com\/wp-content\/uploads\/2022\/06\/IMG_0668-scaled.jpg 1920w, http:\/\/verarocaperitos.com\/wp-content\/uploads\/2022\/06\/IMG_0668-225x300.jpg 225w, http:\/\/verarocaperitos.com\/wp-content\/uploads\/2022\/06\/IMG_0668-768x1024.jpg 768w, http:\/\/verarocaperitos.com\/wp-content\/uploads\/2022\/06\/IMG_0668-1152x1536.jpg 1152w, http:\/\/verarocaperitos.com\/wp-content\/uploads\/2022\/06\/IMG_0668-1536x2048.jpg 1536w\" sizes=\"(max-width: 767px) 89vw, (max-width: 1000px) 54vw, (max-width: 1071px) 543px, 580px\" \/><\/figure>\n\n\n\n<figure class=\"wp-block-image size-large\"><img loading=\"lazy\" width=\"2560\" height=\"1920\" data-id=\"124\"  src=\"http:\/\/verarocaperitos.com\/wp-content\/uploads\/2022\/06\/IMG_0707-scaled.jpg\" alt=\"\" class=\"wp-image-124\" srcset=\"http:\/\/verarocaperitos.com\/wp-content\/uploads\/2022\/06\/IMG_0707-scaled.jpg 2560w, http:\/\/verarocaperitos.com\/wp-content\/uploads\/2022\/06\/IMG_0707-300x225.jpg 300w, http:\/\/verarocaperitos.com\/wp-content\/uploads\/2022\/06\/IMG_0707-1024x768.jpg 1024w, http:\/\/verarocaperitos.com\/wp-content\/uploads\/2022\/06\/IMG_0707-768x576.jpg 768w, http:\/\/verarocaperitos.com\/wp-content\/uploads\/2022\/06\/IMG_0707-1536x1152.jpg 1536w, http:\/\/verarocaperitos.com\/wp-content\/uploads\/2022\/06\/IMG_0707-2048x1536.jpg 2048w\" sizes=\"(max-width: 767px) 89vw, (max-width: 1000px) 54vw, (max-width: 1071px) 543px, 580px\" \/><\/figure>\n<\/figure>\n\n\n\n<ul><li>3 Fuentes de laboratorio para diagn\u00f3stico y ensayo de alta precisi\u00f3n.<\/li><li>1 Estaci\u00f3n infrarroja para circuitos BGA.<\/li><li>1 Estaci\u00f3n combinada.<\/li><li>1 Estaci\u00f3n por vac\u00edo.<\/li><li>1 Estaci\u00f3n de precalentamiento.<\/li><li>6 Unidades para la medici\u00f3n y el an\u00e1lisis de todas las magnitudes f\u00edsicas el\u00e9ctricas.<\/li><li>68 Software para el an\u00e1lisis y control de la instrumentaci\u00f3n.<\/li><li>1 Red dotada de aislamiento galv\u00e1nico total en todo el laboratorio que garantiza la m\u00e1xima precisi\u00f3n para nuestro instrumental y la protecci\u00f3n absoluta en el aislamiento de la red para todos los equipos electr\u00f3nicos de alta sensibilidad sometidos a diagnosis en nuestro laboratorio.<\/li><\/ul>\n\n\n\n<p class=\"has-text-color\" style=\"color:#004678\"><strong>NUESTRA CAPACIDAD PARA REALIZAR PRUEBAS DE DIAGN\u00d3STICO EN EQUIPOS FRIGOR\u00cdFICOS Y MAQUINARIA INDUSTRIAL:<\/strong><\/p>\n\n\n\n<figure class=\"wp-container-6 wp-block-gallery-5 wp-block-gallery has-nested-images columns-default is-cropped\">\n<figure class=\"wp-block-image size-large\"><img loading=\"lazy\" width=\"2560\" height=\"1898\" data-id=\"150\"  src=\"http:\/\/verarocaperitos.com\/wp-content\/uploads\/2022\/06\/P20325-193641-scaled.jpg\" alt=\"\" class=\"wp-image-150\" srcset=\"http:\/\/verarocaperitos.com\/wp-content\/uploads\/2022\/06\/P20325-193641-scaled.jpg 2560w, http:\/\/verarocaperitos.com\/wp-content\/uploads\/2022\/06\/P20325-193641-300x222.jpg 300w, http:\/\/verarocaperitos.com\/wp-content\/uploads\/2022\/06\/P20325-193641-1024x759.jpg 1024w, http:\/\/verarocaperitos.com\/wp-content\/uploads\/2022\/06\/P20325-193641-768x569.jpg 768w, http:\/\/verarocaperitos.com\/wp-content\/uploads\/2022\/06\/P20325-193641-1536x1139.jpg 1536w, http:\/\/verarocaperitos.com\/wp-content\/uploads\/2022\/06\/P20325-193641-2048x1518.jpg 2048w\" sizes=\"(max-width: 767px) 89vw, (max-width: 1000px) 54vw, (max-width: 1071px) 543px, 580px\" \/><\/figure>\n\n\n\n<figure class=\"wp-block-image size-large\"><img loading=\"lazy\" width=\"2560\" height=\"1898\" data-id=\"151\"  src=\"http:\/\/verarocaperitos.com\/wp-content\/uploads\/2022\/06\/P20325-192614-scaled.jpg\" alt=\"\" class=\"wp-image-151\" srcset=\"http:\/\/verarocaperitos.com\/wp-content\/uploads\/2022\/06\/P20325-192614-scaled.jpg 2560w, http:\/\/verarocaperitos.com\/wp-content\/uploads\/2022\/06\/P20325-192614-300x222.jpg 300w, http:\/\/verarocaperitos.com\/wp-content\/uploads\/2022\/06\/P20325-192614-1024x759.jpg 1024w, http:\/\/verarocaperitos.com\/wp-content\/uploads\/2022\/06\/P20325-192614-768x569.jpg 768w, http:\/\/verarocaperitos.com\/wp-content\/uploads\/2022\/06\/P20325-192614-1536x1139.jpg 1536w, http:\/\/verarocaperitos.com\/wp-content\/uploads\/2022\/06\/P20325-192614-2048x1518.jpg 2048w\" sizes=\"(max-width: 767px) 89vw, (max-width: 1000px) 54vw, (max-width: 1071px) 543px, 580px\" \/><\/figure>\n\n\n\n<figure class=\"wp-block-image size-large\"><img loading=\"lazy\" width=\"2560\" height=\"1898\" data-id=\"152\"  src=\"http:\/\/verarocaperitos.com\/wp-content\/uploads\/2022\/06\/P20325-191820-scaled.jpg\" alt=\"\" class=\"wp-image-152\" srcset=\"http:\/\/verarocaperitos.com\/wp-content\/uploads\/2022\/06\/P20325-191820-scaled.jpg 2560w, http:\/\/verarocaperitos.com\/wp-content\/uploads\/2022\/06\/P20325-191820-300x222.jpg 300w, http:\/\/verarocaperitos.com\/wp-content\/uploads\/2022\/06\/P20325-191820-1024x759.jpg 1024w, http:\/\/verarocaperitos.com\/wp-content\/uploads\/2022\/06\/P20325-191820-768x569.jpg 768w, http:\/\/verarocaperitos.com\/wp-content\/uploads\/2022\/06\/P20325-191820-1536x1139.jpg 1536w, http:\/\/verarocaperitos.com\/wp-content\/uploads\/2022\/06\/P20325-191820-2048x1518.jpg 2048w\" sizes=\"(max-width: 767px) 89vw, (max-width: 1000px) 54vw, (max-width: 1071px) 543px, 580px\" \/><\/figure>\n\n\n\n<figure class=\"wp-block-image size-large\"><img loading=\"lazy\" width=\"2560\" height=\"1898\" data-id=\"153\"  src=\"http:\/\/verarocaperitos.com\/wp-content\/uploads\/2022\/06\/P20325-190421-scaled.jpg\" alt=\"\" class=\"wp-image-153\" srcset=\"http:\/\/verarocaperitos.com\/wp-content\/uploads\/2022\/06\/P20325-190421-scaled.jpg 2560w, http:\/\/verarocaperitos.com\/wp-content\/uploads\/2022\/06\/P20325-190421-300x222.jpg 300w, http:\/\/verarocaperitos.com\/wp-content\/uploads\/2022\/06\/P20325-190421-1024x759.jpg 1024w, http:\/\/verarocaperitos.com\/wp-content\/uploads\/2022\/06\/P20325-190421-768x569.jpg 768w, http:\/\/verarocaperitos.com\/wp-content\/uploads\/2022\/06\/P20325-190421-1536x1139.jpg 1536w, http:\/\/verarocaperitos.com\/wp-content\/uploads\/2022\/06\/P20325-190421-2048x1518.jpg 2048w\" sizes=\"(max-width: 767px) 89vw, (max-width: 1000px) 54vw, (max-width: 1071px) 543px, 580px\" \/><\/figure>\n<\/figure>\n\n\n\n<ul><li>5 puentes de man\u00f3metros para analizar presiones compatibles con cualquier tipo de gas refrigerante.<\/li><li>1 Analizador de aver\u00edas en placas electr\u00f3nicas inverter para el control de energ\u00eda en motores y compresores.<\/li><li>1 Analizador para el control de fase en motores trif\u00e1sicos.<\/li><li>1 Dosificador para refrigerantes en fase l\u00edquida o fase vapor.<\/li><li>1 Dosificador para refrigerantes mediante b\u00e1scula de alta precisi\u00f3n.<\/li><li>2 Bombas de doble efecto con vacu\u00f3metros incorporados para verificaci\u00f3n de vac\u00edo.<\/li><li>2 Detectores de fugas.<\/li><li>2 Lanzas t\u00e9rmicas ox\u00edgeno-butano \/ ox\u00edgeno-acetileno<\/li><li>1 Expandidores de precisi\u00f3n para realizar pruebas de ensayo o resistencia en tubos frigor\u00edficos.<\/li><li>1 Medici\u00f3n geom\u00e9trica industrial para obtener el desgaste de las partes mec\u00e1nicas internas de los compresores frigor\u00edficos.<\/li><li>2 Refract\u00f3metros para analizar la densidad y contaminaci\u00f3n del aceite lubricante en compresores frigor\u00edficos.<\/li><li>1 Videoscopio y microscopio para aplicaci\u00f3n industrial<\/li><li>2 Endoscopios.<\/li><li>1 Unidad por inducci\u00f3n electromagn\u00e9tica adaptable a cualquier cuerpo ferromagn\u00e9tico para ensayos de aceleraci\u00f3n t\u00e9rmica sin contaminaci\u00f3n o destrucci\u00f3n por combusti\u00f3n.<\/li><li>1 Equipo para pruebas de Anemometr\u00eda en el interior de conducciones.<\/li><li>1 Higr\u00f3metro.<\/li><li>1 Pruebas de tacometr\u00eda mediante captadores magn\u00e9ticos y l\u00e1ser.<\/li><\/ul>\n\n\n\n<figure class=\"wp-container-8 wp-block-gallery-7 wp-block-gallery has-nested-images columns-default is-cropped\">\n<figure class=\"wp-block-image size-large\"><img loading=\"lazy\" width=\"2560\" height=\"1898\" data-id=\"149\"  src=\"http:\/\/verarocaperitos.com\/wp-content\/uploads\/2022\/06\/P20325-193223-scaled.jpg\" alt=\"\" class=\"wp-image-149\" srcset=\"http:\/\/verarocaperitos.com\/wp-content\/uploads\/2022\/06\/P20325-193223-scaled.jpg 2560w, http:\/\/verarocaperitos.com\/wp-content\/uploads\/2022\/06\/P20325-193223-300x222.jpg 300w, http:\/\/verarocaperitos.com\/wp-content\/uploads\/2022\/06\/P20325-193223-1024x759.jpg 1024w, http:\/\/verarocaperitos.com\/wp-content\/uploads\/2022\/06\/P20325-193223-768x569.jpg 768w, http:\/\/verarocaperitos.com\/wp-content\/uploads\/2022\/06\/P20325-193223-1536x1139.jpg 1536w, http:\/\/verarocaperitos.com\/wp-content\/uploads\/2022\/06\/P20325-193223-2048x1518.jpg 2048w\" sizes=\"(max-width: 767px) 89vw, (max-width: 1000px) 54vw, (max-width: 1071px) 543px, 580px\" \/><\/figure>\n\n\n\n<figure class=\"wp-block-image size-large\"><img loading=\"lazy\" width=\"2560\" height=\"1898\" data-id=\"146\"  src=\"http:\/\/verarocaperitos.com\/wp-content\/uploads\/2022\/06\/P20325-195401-scaled.jpg\" alt=\"\" class=\"wp-image-146\" srcset=\"http:\/\/verarocaperitos.com\/wp-content\/uploads\/2022\/06\/P20325-195401-scaled.jpg 2560w, http:\/\/verarocaperitos.com\/wp-content\/uploads\/2022\/06\/P20325-195401-300x222.jpg 300w, http:\/\/verarocaperitos.com\/wp-content\/uploads\/2022\/06\/P20325-195401-1024x759.jpg 1024w, http:\/\/verarocaperitos.com\/wp-content\/uploads\/2022\/06\/P20325-195401-768x569.jpg 768w, http:\/\/verarocaperitos.com\/wp-content\/uploads\/2022\/06\/P20325-195401-1536x1139.jpg 1536w, http:\/\/verarocaperitos.com\/wp-content\/uploads\/2022\/06\/P20325-195401-2048x1518.jpg 2048w\" sizes=\"(max-width: 767px) 89vw, (max-width: 1000px) 54vw, (max-width: 1071px) 543px, 580px\" \/><\/figure>\n\n\n\n<figure class=\"wp-block-image size-large\"><img loading=\"lazy\" width=\"2560\" height=\"1898\" data-id=\"145\"  src=\"http:\/\/verarocaperitos.com\/wp-content\/uploads\/2022\/06\/P20325-194254-scaled.jpg\" alt=\"\" class=\"wp-image-145\" srcset=\"http:\/\/verarocaperitos.com\/wp-content\/uploads\/2022\/06\/P20325-194254-scaled.jpg 2560w, http:\/\/verarocaperitos.com\/wp-content\/uploads\/2022\/06\/P20325-194254-300x222.jpg 300w, http:\/\/verarocaperitos.com\/wp-content\/uploads\/2022\/06\/P20325-194254-1024x759.jpg 1024w, http:\/\/verarocaperitos.com\/wp-content\/uploads\/2022\/06\/P20325-194254-768x569.jpg 768w, http:\/\/verarocaperitos.com\/wp-content\/uploads\/2022\/06\/P20325-194254-1536x1139.jpg 1536w, http:\/\/verarocaperitos.com\/wp-content\/uploads\/2022\/06\/P20325-194254-2048x1518.jpg 2048w\" sizes=\"(max-width: 767px) 89vw, (max-width: 1000px) 54vw, (max-width: 1071px) 543px, 580px\" \/><\/figure>\n<\/figure>\n","protected":false},"excerpt":{"rendered":"<p>NUESTRO INSTRUMENTAL EN EL LABORATORIO DE DIAGN\u00d3STICO Y PRUEBAS DE ENSAYO PARA CIRCUITOS ELECTR\u00d3NICOS Y SOFTWARE DE GESTI\u00d3N INDUSTRIAL: 1 Osciloscopio anal\u00f3gico de cuatro trazos con alcance a 100MHz. 1 Osciloscopio anal\u00f3gico de dos trazos con test de componentes y alcance a 200MHz. 1 Osciloscopio Digital de doble trazo con alcance a 100MHz. 1 Osciloscopio &hellip; <\/p>\n<p class=\"link-more\"><a href=\"http:\/\/verarocaperitos.com\/index.php\/recursos\/\" class=\"more-link\">Continuar leyendo<span class=\"screen-reader-text\"> \u00abRecursos\u00bb<\/span><\/a><\/p>\n","protected":false},"author":1,"featured_media":180,"parent":0,"menu_order":0,"comment_status":"closed","ping_status":"closed","template":"","meta":{"om_disable_all_campaigns":false,"_monsterinsights_skip_tracking":false,"_monsterinsights_sitenote_active":false,"_monsterinsights_sitenote_note":"","_monsterinsights_sitenote_category":0},"_links":{"self":[{"href":"http:\/\/verarocaperitos.com\/index.php\/wp-json\/wp\/v2\/pages\/116"}],"collection":[{"href":"http:\/\/verarocaperitos.com\/index.php\/wp-json\/wp\/v2\/pages"}],"about":[{"href":"http:\/\/verarocaperitos.com\/index.php\/wp-json\/wp\/v2\/types\/page"}],"author":[{"embeddable":true,"href":"http:\/\/verarocaperitos.com\/index.php\/wp-json\/wp\/v2\/users\/1"}],"replies":[{"embeddable":true,"href":"http:\/\/verarocaperitos.com\/index.php\/wp-json\/wp\/v2\/comments?post=116"}],"version-history":[{"count":6,"href":"http:\/\/verarocaperitos.com\/index.php\/wp-json\/wp\/v2\/pages\/116\/revisions"}],"predecessor-version":[{"id":185,"href":"http:\/\/verarocaperitos.com\/index.php\/wp-json\/wp\/v2\/pages\/116\/revisions\/185"}],"wp:featuredmedia":[{"embeddable":true,"href":"http:\/\/verarocaperitos.com\/index.php\/wp-json\/wp\/v2\/media\/180"}],"wp:attachment":[{"href":"http:\/\/verarocaperitos.com\/index.php\/wp-json\/wp\/v2\/media?parent=116"}],"curies":[{"name":"wp","href":"https:\/\/api.w.org\/{rel}","templated":true}]}}