{"id":101,"date":"2022-06-04T16:16:22","date_gmt":"2022-06-04T16:16:22","guid":{"rendered":"http:\/\/verarocaperitos.com\/?page_id=101"},"modified":"2022-06-05T17:30:15","modified_gmt":"2022-06-05T17:30:15","slug":"nosotros","status":"publish","type":"page","link":"http:\/\/verarocaperitos.com\/index.php\/nosotros\/","title":{"rendered":"Nosotros"},"content":{"rendered":"\n<p>Disponemos de un equipo multidisciplinar en el \u00e1mbito pericial-industrial, siendo \u00e9stos nuestros principales integrantes:<\/p>\n\n\n\n<div class=\"wp-container-3 wp-block-columns\">\n<div class=\"wp-container-1 wp-block-column\">\n<p><strong>Francisco Mart\u00ednez Roca<\/strong><\/p>\n\n\n\n<p>T\u00e9cnico en electr\u00f3nica industrial<\/p>\n\n\n\n<p><strong>Cursos y seminarios de capacitaci\u00f3n Industrial:<\/strong><\/p>\n\n\n\n<ul><li>Electr\u00f3nica industrial.<\/li><li>Automatizaci\u00f3n y rob\u00f3tica industrial.<\/li><li>Control de sistemas para optimizar la productividad de la planta.<\/li><\/ul>\n\n\n\n<!--more-->\n\n\n\n<ul><li>Sistemas de temperatura para la industria qu\u00edmica.<\/li><li>Tecnolog\u00eda industrial (4.0).<\/li><li>Conectividad y an\u00e1lisis predictivo en caudal\u00edmetros.<\/li><li>Sistemas de instrumentaci\u00f3n para la medici\u00f3n en l\u00ednea de materia org\u00e1nica en agua cruda y efluentes.<\/li><li>Sistemas de control para evitar paros de planta.<\/li><li>An\u00e1lisis de l\u00edquidos en l\u00ednea para la industria l\u00e1ctea.<\/li><li>An\u00e1lisis de l\u00edquidos en la medici\u00f3n de PH.<\/li><li>Sistemas de conexi\u00f3n entre el laboratorio y la planta.<\/li><li>Metodolog\u00eda para establecer el nivel SIL en un lazo; c\u00e1lculos en una cadena de seguridad.<\/li><li>Dise\u00f1os para la medici\u00f3n de temperatura en conducciones de peque\u00f1o di\u00e1metro.<\/li><li>Transmisores de nivel radar con conexi\u00f3n IIoT<\/li><li>Caudal\u00edmetros m\u00e1sicos.<\/li><li>Autocalibraci\u00f3n de temperatura en el aseguramiento de la calidad en procesos de uperizaci\u00f3n, esterilizaci\u00f3n y CIP.<\/li><li>Nuevas tecnolog\u00edas en la instrumentaci\u00f3n de nivel y presi\u00f3n.<\/li><li>Gesti\u00f3n del ciclo de vida de un activo industrial.<\/li><li>Medici\u00f3n diferencial de temperatura en intercambiadores.<\/li><li>C\u00f3mo digitalizar plantas industriales.<\/li><li>Sistemas de activaci\u00f3n guiada del modo SIL en los equipos de medici\u00f3n industrial.<\/li><\/ul>\n\n\n\n<p><strong>Capacitaci\u00f3n y experiencia en otras ramas de la electr\u00f3nica:<\/strong><\/p>\n\n\n\n<ul><li>Equipos de electromedicina de diagn\u00f3stico por imagen.<\/li><li>Equipos de telecomunicaci\u00f3n y protocolos de comunicaci\u00f3n.<\/li><\/ul>\n<\/div>\n\n\n\n<div class=\"wp-container-2 wp-block-column\">\n<p><strong>Francisco Fructuoso Vera<\/strong><\/p>\n\n\n\n<p>Ingeniero T\u00e9cnico Industrial esp. Electr\u00f3nica Industrial <\/p>\n\n\n\n<p>Perito tasador de seguros I.R.D.<\/p>\n\n\n\n<ul><li>Especialista en Gesti\u00f3n Pericial de Siniestros de Da\u00f1os Patrimoniales.<\/li><li>Investigaci\u00f3n de Incendios.<\/li><\/ul>\n<\/div>\n<\/div>\n","protected":false},"excerpt":{"rendered":"<p>Disponemos de un equipo multidisciplinar en el \u00e1mbito pericial-industrial, siendo \u00e9stos nuestros principales integrantes: Francisco Mart\u00ednez Roca T\u00e9cnico en electr\u00f3nica industrial Cursos y seminarios de capacitaci\u00f3n Industrial: Electr\u00f3nica industrial.Automatizaci\u00f3n y rob\u00f3tica industrial.Control de sistemas para optimizar la productividad de la planta. Francisco Mart\u00ednez Roca T\u00e9cnico en electr\u00f3nica industrial Cursos y seminarios de capacitaci\u00f3n Industrial: Electr\u00f3nica &hellip; <\/p>\n<p class=\"link-more\"><a href=\"http:\/\/verarocaperitos.com\/index.php\/nosotros\/\" class=\"more-link\">Continuar leyendo<span class=\"screen-reader-text\"> \u00abNosotros\u00bb<\/span><\/a><\/p>\n","protected":false},"author":1,"featured_media":30,"parent":0,"menu_order":0,"comment_status":"closed","ping_status":"closed","template":"","meta":{"om_disable_all_campaigns":false,"_monsterinsights_skip_tracking":false,"_monsterinsights_sitenote_active":false,"_monsterinsights_sitenote_note":"","_monsterinsights_sitenote_category":0},"_links":{"self":[{"href":"http:\/\/verarocaperitos.com\/index.php\/wp-json\/wp\/v2\/pages\/101"}],"collection":[{"href":"http:\/\/verarocaperitos.com\/index.php\/wp-json\/wp\/v2\/pages"}],"about":[{"href":"http:\/\/verarocaperitos.com\/index.php\/wp-json\/wp\/v2\/types\/page"}],"author":[{"embeddable":true,"href":"http:\/\/verarocaperitos.com\/index.php\/wp-json\/wp\/v2\/users\/1"}],"replies":[{"embeddable":true,"href":"http:\/\/verarocaperitos.com\/index.php\/wp-json\/wp\/v2\/comments?post=101"}],"version-history":[{"count":2,"href":"http:\/\/verarocaperitos.com\/index.php\/wp-json\/wp\/v2\/pages\/101\/revisions"}],"predecessor-version":[{"id":108,"href":"http:\/\/verarocaperitos.com\/index.php\/wp-json\/wp\/v2\/pages\/101\/revisions\/108"}],"wp:featuredmedia":[{"embeddable":true,"href":"http:\/\/verarocaperitos.com\/index.php\/wp-json\/wp\/v2\/media\/30"}],"wp:attachment":[{"href":"http:\/\/verarocaperitos.com\/index.php\/wp-json\/wp\/v2\/media?parent=101"}],"curies":[{"name":"wp","href":"https:\/\/api.w.org\/{rel}","templated":true}]}}